{"id":30,"date":"2026-03-26T13:26:54","date_gmt":"2026-03-26T12:26:54","guid":{"rendered":"https:\/\/ist-consulting.net\/?page_id=30"},"modified":"2026-03-26T14:21:44","modified_gmt":"2026-03-26T13:21:44","slug":"job-offer","status":"publish","type":"page","link":"https:\/\/ist-consulting.net\/index.php\/job-offer\/","title":{"rendered":"JOB OFFER"},"content":{"rendered":"\n<p>&#8212;&#8212;JOB OFFER IN VIETNAMESE LANGUAGE&#8212;&#8212;&#8212;&#8211;<\/p>\n\n\n\n<p>\u00a0 \u00a0 \u00a0\u00a0<strong>Th\u00f4ng b\u00e1o tuy\u1ec3n d\u1ee5ng :<\/strong><\/p>\n\n\n\n<p>V\u1ecb tr\u00ed c\u00f4ng vi\u1ec7c : Nh\u00e0 qu\u1ea3n l\u00fd.<\/p>\n\n\n\n<p>L\u0129nh v\u1ef1c l\u00e0m vi\u1ec7c : Ch\u1ee7 t\u1ecbch c\u00f4ng ty<\/p>\n\n\n\n<p>S\u1ed1 l\u01b0\u1ee3ng (ng\u01b0\u1eddi) : 1 ng\u01b0\u1eddi.<\/p>\n\n\n\n<p>H\u00ecnh th\u1ee9c l\u00e0m vi\u1ec7c : th\u1ef1c hi\u1ec7n h\u1ee3p \u0111\u1ed3ng lao \u0111\u1ed9ng<\/p>\n\n\n\n<p>\u0110\u1ecba \u0111i\u1ec3m l\u00e0m vi\u1ec7c : Ph\u00f2ng 4603, T\u00f2a nh\u00e0 Bitexco Financial Tower, s\u1ed1 2, \u0111\u01b0\u1eddng H\u1ea3i Tri\u1ec1u, ph\u01b0\u1eddng S\u00e0i G\u00f2n, Th\u00e0nh ph\u1ed1 H\u1ed3 Ch\u00ed Minh, Vi\u1ec7t Nam <\/p>\n\n\n\n<p>Th\u1eddi h\u1ea1n l\u00e0m vi\u1ec7c : t\u1eeb ng\u00e0y 19 th\u00e1ng 5 n\u0103m 2026 \u0111\u1ebfn 18 th\u00e1ng 5 n\u0103m 2028<\/p>\n\n\n\n<p>Y\u00eau c\u1ea7u v\u1ec1 tr\u00ecnh \u0111\u1ed9: \u0110\u1ea1i h\u1ecdc<\/p>\n\n\n\n<p>Y\u00eau c\u1ea7u v\u1ec1 kinh nghi\u1ec7m : 10 n\u0103m kinh nghi\u1ec7m t\u01b0\u01a1ng \u1ee9ng.<\/p>\n\n\n\n<p>Y\u00eau c\u1ea7u kh\u00e1c :<\/p>\n\n\n\n<p>Ng\u00f4n ng\u1eef giao ti\u1ebfp t\u1ed1t ti\u1ebfng Ph\u00e1p v\u00e0 ti\u1ebfng Anh (y\u00eau c\u1ea7u tr\u00ecnh \u0111\u1ed9 C2 cho c\u1ea3 hai ng\u00f4n ng\u1eef).<\/p>\n\n\n\n<p>Th\u1eddi gian l\u00e0m vi\u1ec7c l\u00e0 40 gi\u1edd \/ tu\u1ea7n.<\/p>\n\n\n\n<p>M\u1ee9c l\u01b0\u01a1ng : 20 tri\u1ec7u \/ th\u00e1ng.<\/p>\n\n\n\n<p>M\u00f4 t\u1ea3 v\u1ecb tr\u00ed c\u00f4ng vi\u1ec7c :<\/p>\n\n\n\n<p>C\u00f4ng ty ch\u00fang t\u00f4i c\u00f3 tr\u1ee5 s\u1edf t\u1ea1i TP.HCM chuy\u00ean v\u1ec1 d\u1ecbch v\u1ee5 tuy\u1ec3n d\u1ee5ng k\u1ef9 n\u0103ng C\u00f4ng ngh\u1ec7 th\u00f4ng tin (CNTT), d\u00e0nh cho th\u1ecb tr\u01b0\u1eddng Vi\u1ec7t Nam c\u0169ng nh\u01b0 c\u00e1c qu\u1ed1c gia s\u1eed d\u1ee5ng c\u00f4ng ngh\u1ec7 th\u00f4ng tin.<\/p>\n\n\n\n<p>V\u1edbi v\u1ecb tr\u00ed n\u00e0y, ch\u00fang t\u00f4i \u0111ang t\u00ecm ki\u1ebfm \u1ee9ng vi\u00ean gia nh\u1eadp \u0111\u1ed9i ng\u0169 c\u1ee7a c\u00f4ng ty v\u1edbi m\u00f4 t\u1ea3 c\u00f4ng vi\u1ec7c cho v\u1ecb tr\u00ed n\u00e0y nh\u01b0 sau:<\/p>\n\n\n\n<ul class=\"wp-block-list\">\n<li>Ph\u1ed1i h\u1ee3p v\u1edbi Ban \u0111i\u1ec1u h\u00e0nh x\u00e2y d\u1ef1ng t\u1ea7m nh\u00ecn, s\u1ee9 m\u1ec7nh, gi\u00e1 tr\u1ecb c\u1ed1t l\u00f5i, m\u1ee5c ti\u00eau d\u00e0i h\u1ea1n cho c\u00f4ng ty.<\/li>\n\n\n\n<li>Ch\u1ecbu tr\u00e1ch nhi\u1ec7m l\u1eadp k\u1ebf ho\u1ea1ch v\u00e0 \u0111\u1ecbnh h\u01b0\u1edbng chi\u1ebfn l\u01b0\u1ee3c chung cho c\u00f4ng ty.<\/li>\n\n\n\n<li>Ph\u00e1t tri\u1ec3n k\u1ebf ho\u1ea1ch kinh doanh ph\u00f9 h\u1ee3p v\u1edbi c\u00e1c m\u1ee5c ti\u00eau ng\u1eafn h\u1ea1n v\u00e0 d\u00e0i h\u1ea1n c\u1ee7a c\u00f4ng ty.<\/li>\n\n\n\n<li>\u0110i\u1ec1u h\u00e0nh v\u00e0 ch\u1ecbu tr\u00e1ch nhi\u1ec7m cho to\u00e0n b\u1ed9 ho\u1ea1t \u0111\u1ed9ng c\u1ee7a c\u00f4ng ty.<\/li>\n\n\n\n<li>Ch\u1ecbu tr\u00e1ch nhi\u1ec7m v\u1ec1 l\u1ee3i nhu\u1eadn, h\u01b0\u1edbng ph\u00e1t tri\u1ec3n v\u00e0 t\u0103ng tr\u01b0\u1edfng c\u1ee7a c\u00f4ng ty.<\/li>\n\n\n\n<li>\u0110\u1ea3m b\u1ea3o h\u1ec7 th\u1ed1ng qu\u1ea3n tr\u1ecb \u0111\u01b0\u1ee3c c\u1eadp nh\u1eadt v\u00e0 ho\u1ea1t \u0111\u1ed9ng hi\u1ec7u qu\u1ea3.<\/li>\n\n\n\n<li>\u0110\u1ea3m b\u1ea3o s\u1ef1 ph\u00e1t tri\u1ec3n b\u1ec1n v\u1eefng v\u00e0 t\u1ea1o ra gi\u00e1 tr\u1ecb cho c\u00f4ng ty.<\/li>\n\n\n\n<li>\u0110i\u1ec1u ch\u1ec9nh h\u00e0nh lang ph\u00e1p l\u00fd v\u00e0 c\u00e1c quy \u0111\u1ecbnh trong c\u00f4ng ty \u0111\u1ec3 \u0111\u1ea3m b\u1ea3o c\u00f4ng ty \u0111i \u0111\u00fang v\u1edbi gi\u00e1 tr\u1ecb c\u1ed1t l\u00f5i v\u00e0 v\u0103n h\u00f3a, duy tr\u00ec k\u1ef7 lu\u1eadt.<\/li>\n\n\n\n<li>X\u00e2y d\u1ef1ng h\u1ec7 th\u1ed1ng ki\u1ec3m so\u00e1t ho\u1ea1t \u0111\u1ed9ng cho c\u00f4ng ty.<\/li>\n\n\n\n<li>X\u00e2y d\u1ef1ng v\u00e0 th\u1ef1c hi\u1ec7n h\u1ec7 th\u1ed1ng b\u00e1o c\u00e1o \u0111\u1ed1i v\u1edbi Ban \u0111i\u1ec1u h\u00e0nh theo quy \u0111\u1ecbnh c\u1ee7a c\u00f4ng ty.<\/li>\n\n\n\n<li><strong>H\u00ecnh th\u1ee9c \u0111\u0103ng th\u00f4ng tin tuy\u1ec3n d\u1ee5ng<\/strong><\/li>\n<\/ul>\n\n\n\n<p>Th\u00f4ng tin \u0111\u01b0\u1ee3c \u0111\u0103ng t\u1ea1i C\u00f4ng ty TNHH t\u01b0 v\u1ea5n IST<\/p>\n\n\n\n<p><strong>Ti\u1ebfp nh\u1eadn h\u1ed3 s\u01a1<\/strong><\/p>\n\n\n\n<p>Th\u1eddi gian nh\u1eadn h\u1ed3 s\u01a1 : 26\/03\/2026 \u2013 03\/04\/2026.<\/p>\n\n\n\n<p>Th\u00e0nh ph\u1ea7n h\u1ed3 s\u01a1 : B\u1ea3ng t\u00f3m t\u1eaft qu\u00e1 tr\u00ecnh l\u00e0m vi\u1ec7c v\u00e0 b\u1ea3n sao v\u0103n b\u1eb1ng chuy\u00ean m\u00f4n c\u1ee7a \u1ee9ng vi\u00ean.<\/p>\n\n\n\n<p>N\u01a1i ti\u1ebfp nh\u1eadn h\u1ed3 s\u01a1 : qua email c\u00f4ng ty <a href=\"mailto:thibault.duval@artin-consulting.com\">thibault.duval@artin-consulting.com<\/a><\/p>\n\n\n\n<p>Ng\u01b0\u1eddi ph\u1ee5 tr\u00e1ch : Anh Duval Thibault Georges Ren\u00e9.<\/p>\n\n\n\n<p>L\u01b0u \u00fd : \u0110\u1ed1i v\u1edbi h\u1ed3 s\u01a1 \u0111\u1ea1t y\u00eau c\u1ea7u, c\u00f4ng ty s\u1ebd h\u1eb9n th\u1eddi gian ph\u1ecfng v\u1ea5n tr\u1ef1c ti\u1ebfp ; c\u00f4ng ty s\u1ebd g\u1eedi th\u00f4ng b\u00e1o qua email c\u1ee7a \u1ee9ng vi\u00ean \u0111\u1ed1i v\u1edbi h\u1ed3 ch\u01b0a ch\u01b0a \u0111\u1ea1t y\u00eau c\u1ea7u.<\/p>\n\n\n\n<p><\/p>\n\n\n\n<p>&#8212;&#8212;&#8212;JOB OFFER IN ENGLISH LANGUAGE&#8212;&#8212;&#8212;&#8212;&#8212;&#8212;&#8212;&#8212;&#8212;&#8212;<\/p>\n\n\n\n<p><strong>Recruitment Announcement:<\/strong><\/p>\n\n\n\n<p>Job position: Manager<\/p>\n\n\n\n<p>Field of work: President of company<\/p>\n\n\n\n<p>Number of people: 1 person.<\/p>\n\n\n\n<p>Working form: Labor contract execution<\/p>\n\n\n\n<p>Workplace: Room 4603, Bitexco Financial Tower, No. 2 Hai Trieu street, Saigon ward, Ho Chi Minh City, Vietnam<\/p>\n\n\n\n<p>Employment period: from May 19, 2026, to May 18, 2028<\/p>\n\n\n\n<p>Educational requirement: University Bachelor\u2019s degree<\/p>\n\n\n\n<p>Experience requirement: 10 years of relevant experience.<\/p>\n\n\n\n<p>Other requirements:<\/p>\n\n\n\n<p>Good communication skills in French and English (C2 level required for both languages).<\/p>\n\n\n\n<p>Working hours are 40 hours per week<\/p>\n\n\n\n<p>Salary: 20 million VND\/month.<\/p>\n\n\n\n<p>Job Description:<\/p>\n\n\n\n<p>Our company, headquartered in Ho Chi Minh City, specializes in IT (Information Technology) recruitment services, catering to both the Vietnamese market and countries using information technology.<\/p>\n\n\n\n<p>For this position, we are looking for candidates to join our company team with the following job description for this role:<\/p>\n\n\n\n<p>Coordinate with the Board of Directors to develop the company&rsquo;s vision, mission, core values, and long-term goals.<\/p>\n\n\n\n<p>Responsible for planning and setting the overall strategic direction of the company.<\/p>\n\n\n\n<p>Develop business plans that align with the company&rsquo;s short-term and long-term objectives.<\/p>\n\n\n\n<p>Manage and take responsibility for all company operations.<\/p>\n\n\n\n<p>Responsible for the company&rsquo;s profitability, development direction, and growth.<\/p>\n\n\n\n<p>Ensure that the management system is up-to-date and operating effectively.<\/p>\n\n\n\n<p>Ensure sustainable development and create value for the company.<\/p>\n\n\n\n<p>Adjust the legal framework and company regulations to ensure the company operates in line with core values and culture, maintaining discipline.<\/p>\n\n\n\n<p>Establish an operational control system for the company.<\/p>\n\n\n\n<p>Develop and implement a reporting system for the Board of Directors according to company regulations.<\/p>\n\n\n\n<p><strong>Form of job posting<\/strong><\/p>\n\n\n\n<p>Information announcement: is posted at IST Consulting Co., Ltd.<\/p>\n\n\n\n<p><strong>Receiving applications<\/strong><\/p>\n\n\n\n<p><strong>&#8211; <\/strong>Application submission period: 26\/03\/2026 \u2013 03\/04\/2026.<\/p>\n\n\n\n<p>&#8211; Application components: Summary of work experience and a copy of the candidate&rsquo;s professional diploma.<\/p>\n\n\n\n<p>&#8211; Application submission: via company email <a href=\"mailto:thibault.duval@artin-consulting.com\">thibault.duval@artin-consulting.com<\/a><\/p>\n\n\n\n<p>&#8211; Person in charge: Mr. Duval Thibault Georges Ren\u00e9.<\/p>\n\n\n\n<p>Note: For applications that meet the requirements, the company will schedule a direct interview; the company will send a notification via the applicant&rsquo;s email for applications that do not meet the requirements<\/p>\n\n\n\n<p><\/p>\n","protected":false},"excerpt":{"rendered":"<p>&#8212;&#8212;JOB OFFER IN VIETNAMESE LANGUAGE&#8212;&#8212;&#8212;&#8211; \u00a0 \u00a0 \u00a0\u00a0Th\u00f4ng b\u00e1o tuy\u1ec3n d\u1ee5ng : V\u1ecb tr\u00ed c\u00f4ng vi\u1ec7c : Nh\u00e0 qu\u1ea3n l\u00fd. L\u0129nh v\u1ef1c l\u00e0m vi\u1ec7c : Ch\u1ee7 t\u1ecbch c\u00f4ng ty S\u1ed1 l\u01b0\u1ee3ng (ng\u01b0\u1eddi) : 1 ng\u01b0\u1eddi. H\u00ecnh th\u1ee9c l\u00e0m vi\u1ec7c : th\u1ef1c hi\u1ec7n h\u1ee3p \u0111\u1ed3ng lao \u0111\u1ed9ng \u0110\u1ecba \u0111i\u1ec3m l\u00e0m vi\u1ec7c : Ph\u00f2ng 4603, T\u00f2a nh\u00e0 &#8230; <a title=\"JOB OFFER\" class=\"read-more\" href=\"https:\/\/ist-consulting.net\/index.php\/job-offer\/\" aria-label=\"Read more about JOB OFFER\">Lire la suite<\/a><\/p>\n","protected":false},"author":1,"featured_media":0,"parent":0,"menu_order":0,"comment_status":"closed","ping_status":"closed","template":"","meta":{"footnotes":""},"class_list":["post-30","page","type-page","status-publish"],"_links":{"self":[{"href":"https:\/\/ist-consulting.net\/index.php\/wp-json\/wp\/v2\/pages\/30","targetHints":{"allow":["GET"]}}],"collection":[{"href":"https:\/\/ist-consulting.net\/index.php\/wp-json\/wp\/v2\/pages"}],"about":[{"href":"https:\/\/ist-consulting.net\/index.php\/wp-json\/wp\/v2\/types\/page"}],"author":[{"embeddable":true,"href":"https:\/\/ist-consulting.net\/index.php\/wp-json\/wp\/v2\/users\/1"}],"replies":[{"embeddable":true,"href":"https:\/\/ist-consulting.net\/index.php\/wp-json\/wp\/v2\/comments?post=30"}],"version-history":[{"count":6,"href":"https:\/\/ist-consulting.net\/index.php\/wp-json\/wp\/v2\/pages\/30\/revisions"}],"predecessor-version":[{"id":39,"href":"https:\/\/ist-consulting.net\/index.php\/wp-json\/wp\/v2\/pages\/30\/revisions\/39"}],"wp:attachment":[{"href":"https:\/\/ist-consulting.net\/index.php\/wp-json\/wp\/v2\/media?parent=30"}],"curies":[{"name":"wp","href":"https:\/\/api.w.org\/{rel}","templated":true}]}}